{"id":100,"date":"2023-03-08T15:17:01","date_gmt":"2023-03-08T14:17:01","guid":{"rendered":"https:\/\/alexanderharmsen.com\/?page_id=100"},"modified":"2025-10-04T18:14:32","modified_gmt":"2025-10-04T17:14:32","slug":"impressum","status":"publish","type":"page","link":"https:\/\/alexanderharmsen.com\/de\/impressum\/","title":{"rendered":"Impressum"},"content":{"rendered":"<h1 style=\"text-align: center;\">Impressum<\/h1>\n<h3 style=\"\">ANGABEN NACH \u00a7 5 TMG:<\/h3>\n<p>Alexander HarmsenMarktst\u00e4tte 18, 78462 KonstanzDeutschland<\/p>\n<h3 style=\"\">VERTRETEN DURCH:<\/h3>\n<p>Alexander Harmsen<\/p>\n<h3 style=\"\">KONTAKT<\/h3>\n<p>Telefon: +49 (0) 7531 584 9120Fax: +49 (0) 7531 584 9121E-Mail: contact@alexanderharmsen.com<\/p>\n<h3 style=\"\">ANGABEN NACH \u00a7 5 TMG:<\/h3>\n<p>Alexander HarmsenMarktst\u00e4tte 18, 78462 KonstanzDeutschland<\/p>\n<h3 style=\"color: var(--tcb-skin-color-27) !important; --tcb-applied-color: var$(--tcb-skin-color-27) !important;\">MEHRWERTSTEUER<\/h3>\n<p>Umsatzsteuer-Identifikationsnummer: DE240862542<\/p>\n<h3 style=\"\">BERUFSHAFTPFLICHTVERSICHERUNG<\/h3>\n<p>Name und Sitz des Versicherers:Roland Rechtsschutzversicherung -AGDeutz-Kaliker Str. 46, 50679 K\u00f6lnG\u00fcltigkeitsbereich der Versicherung: Weltweit<\/p>\n<h3 style=\"\">INHALTSVERANTWORTLICH GEM\u00c4SS \u00a7 55 ABS. 2 RSTV<\/h3>\n<p>Alexander HarmsenMarktst\u00e4tte 18, 78462 KonstanzDeutschland<\/p>\n<h3 style=\"\">STREITBEILEGUNG<\/h3>\n<p>Wir sind nicht bereit und nicht verpflichtet, an Streitbeilegungsverfahren vor einer Verbraucherschlichtungsstelle teilzunehmen.<\/p>\n<h3 style=\"\">URHEBERRECHTE \u00a9<\/h3>\n<p>Die durch die Seitenbetreiber erstellten Inhalte und Werke auf diesen Seiten unterliegen dem deutschen Urheberrecht. Die Vervielf\u00e4ltigung, Bearbeitung, Verbreitung und jede Art der Verwertung au\u00dferhalb der Grenzen des Urheberrechtes bed\u00fcrfen der schriftlichen Zustimmung des jeweiligen Autors bzw. Erstellers. Downloads und Kopien dieser Seite sind nur f\u00fcr den privaten, nicht kommerziellen Gebrauch gestattet. Soweit die Inhalte auf dieser Seite nicht vom Betreiber erstellt wurden, werden die Urheberrechte Dritter beachtet. Insbesondere werden Inhalte Dritter als solche gekennzeichnet. Sollten Sie trotzdem auf eine Urheberrechtsverletzung aufmerksam werden, bitten wir um einen entsprechenden Hinweis. Bei Bekanntwerden von Rechtsverletzungen werden wir derartige Inhalte umgehend entfernen.<\/p>","protected":false},"excerpt":{"rendered":"<p>Impressum INFORMATION ACCORDING TO \u00a7 5 TMG: Alexander HarmsenMarktst\u00e4tte 18, 78462 KonstanzGermany REPRESENTED BY: Alexander Harmsen CONTACT Phone: +49 (0) 7531 584 9120Fax: +49 (0) 7531 584 9121E-mail: contact@alexanderharmsen.com INFORMATION ACCORDING TO \u00a7 5 TMG: Alexander HarmsenMarktst\u00e4tte 18, 78462 KonstanzGermany SALES TAX VAT ID: DE240862542 PROFESSIONAL LIABILITY INSURANCE Name and registered office of the insurer:Roland [&hellip;]<\/p>\n","protected":false},"author":1,"featured_media":0,"parent":0,"menu_order":0,"comment_status":"closed","ping_status":"closed","template":"","meta":{"footnotes":""},"categories":[],"tags":[],"class_list":["post-100","page","type-page","status-publish","hentry","post-wrapper","thrv_wrapper"],"_links":{"self":[{"href":"https:\/\/alexanderharmsen.com\/de\/wp-json\/wp\/v2\/pages\/100","targetHints":{"allow":["GET"]}}],"collection":[{"href":"https:\/\/alexanderharmsen.com\/de\/wp-json\/wp\/v2\/pages"}],"about":[{"href":"https:\/\/alexanderharmsen.com\/de\/wp-json\/wp\/v2\/types\/page"}],"author":[{"embeddable":true,"href":"https:\/\/alexanderharmsen.com\/de\/wp-json\/wp\/v2\/users\/1"}],"replies":[{"embeddable":true,"href":"https:\/\/alexanderharmsen.com\/de\/wp-json\/wp\/v2\/comments?post=100"}],"version-history":[{"count":5,"href":"https:\/\/alexanderharmsen.com\/de\/wp-json\/wp\/v2\/pages\/100\/revisions"}],"predecessor-version":[{"id":305,"href":"https:\/\/alexanderharmsen.com\/de\/wp-json\/wp\/v2\/pages\/100\/revisions\/305"}],"wp:attachment":[{"href":"https:\/\/alexanderharmsen.com\/de\/wp-json\/wp\/v2\/media?parent=100"}],"wp:term":[{"taxonomy":"category","embeddable":true,"href":"https:\/\/alexanderharmsen.com\/de\/wp-json\/wp\/v2\/categories?post=100"},{"taxonomy":"post_tag","embeddable":true,"href":"https:\/\/alexanderharmsen.com\/de\/wp-json\/wp\/v2\/tags?post=100"}],"curies":[{"name":"wp","href":"https:\/\/api.w.org\/{rel}","templated":true}]}}