{"id":100,"date":"2023-03-08T15:17:01","date_gmt":"2023-03-08T14:17:01","guid":{"rendered":"https:\/\/alexanderharmsen.com\/?page_id=100"},"modified":"2025-10-04T18:14:32","modified_gmt":"2025-10-04T17:14:32","slug":"impressionum","status":"publish","type":"page","link":"https:\/\/alexanderharmsen.com\/pt_br\/impressum\/","title":{"rendered":"impress\u00e3o"},"content":{"rendered":"<h1 style=\"text-align: center;\">impress\u00e3o<\/h1>\n<h3 style=\"\">INFORMA\u00c7\u00d5ES DE ACORDO COM \u00a7 5 TMG:<\/h3>\n<p>Alexander HarmsenMarktst\u00e4tte 18, 78462 KonstanzAlemanha<\/p>\n<h3 style=\"\">REPRESENTADO POR:<\/h3>\n<p>Alexandre Harmsen<\/p>\n<h3 style=\"\">CONTATO<\/h3>\n<p>Telefone: +49 (0) 7531 584 9120Fax: +49 (0) 7531 584 9121E-mail: contact@alexanderharmsen.com<\/p>\n<h3 style=\"\">INFORMA\u00c7\u00d5ES DE ACORDO COM \u00a7 5 TMG:<\/h3>\n<p>Alexander HarmsenMarktst\u00e4tte 18, 78462 KonstanzAlemanha<\/p>\n<h3 style=\"color: var(--tcb-skin-color-27) !important; --tcb-applied-color: var$(--tcb-skin-color-27) !important;\">IMPOSTO SOBRE VENDAS<\/h3>\n<p>ID do IVA: DE240862542<\/p>\n<h3 style=\"\">SEGURO DE RESPONSABILIDADE PROFISSIONAL<\/h3>\n<p>Nome e sede social da seguradora:Roland Rechtschutzversicherung -AGDeutz-Kaliker Str. 46, 50679 K\u00f6ln\u00c1rea de validade do seguro: Mundial<\/p>\n<h3 style=\"\">RESPONS\u00c1VEL PELO CONTE\u00daDO DE ACORDO COM \u00a7 55 PAR\u00c1GRAFO. 2 RSTVs<\/h3>\n<p>Alexander HarmsenMarktst\u00e4tte 18, 78462 KonstanzAlemanha<\/p>\n<h3 style=\"\">RESOLU\u00c7\u00c3O DE DISPUTAS<\/h3>\n<p>N\u00e3o estamos dispostos ou obrigados a participar em processos de resolu\u00e7\u00e3o de lit\u00edgios perante um conselho de arbitragem do consumidor.<\/p>\n<h3 style=\"\">DIREITO AUTORAL<\/h3>\n<p>Os conte\u00fados e trabalhos destas p\u00e1ginas criados pelos operadores do site est\u00e3o sujeitos \u00e0 lei alem\u00e3 de direitos autorais. A reprodu\u00e7\u00e3o, edi\u00e7\u00e3o, distribui\u00e7\u00e3o e qualquer tipo de utiliza\u00e7\u00e3o fora dos limites da lei de direitos autorais requerem o consentimento por escrito do respectivo autor ou criador. Downloads e c\u00f3pias destas p\u00e1ginas s\u00e3o permitidos apenas para uso privado e n\u00e3o comercial. Na medida em que o conte\u00fado deste site n\u00e3o foi criado pelo operador, os direitos autorais de terceiros s\u00e3o observados. Em particular, o conte\u00fado de terceiros \u00e9 identificado como tal. Mesmo assim, caso voc\u00ea tome conhecimento de uma viola\u00e7\u00e3o de direitos autorais, informe-nos adequadamente. Se tomarmos conhecimento de alguma infra\u00e7\u00e3o, removeremos tais conte\u00fados imediatamente.<\/p>","protected":false},"excerpt":{"rendered":"<p>Impressum INFORMATION ACCORDING TO \u00a7 5 TMG: Alexander HarmsenMarktst\u00e4tte 18, 78462 KonstanzGermany REPRESENTED BY: Alexander Harmsen CONTACT Phone: +49 (0) 7531 584 9120Fax: +49 (0) 7531 584 9121E-mail: contact@alexanderharmsen.com INFORMATION ACCORDING TO \u00a7 5 TMG: Alexander HarmsenMarktst\u00e4tte 18, 78462 KonstanzGermany SALES TAX VAT ID: DE240862542 PROFESSIONAL LIABILITY INSURANCE Name and registered office of the insurer:Roland [&hellip;]<\/p>\n","protected":false},"author":1,"featured_media":0,"parent":0,"menu_order":0,"comment_status":"closed","ping_status":"closed","template":"","meta":{"footnotes":""},"categories":[],"tags":[],"class_list":["post-100","page","type-page","status-publish","hentry","post-wrapper","thrv_wrapper"],"_links":{"self":[{"href":"https:\/\/alexanderharmsen.com\/pt_br\/wp-json\/wp\/v2\/pages\/100","targetHints":{"allow":["GET"]}}],"collection":[{"href":"https:\/\/alexanderharmsen.com\/pt_br\/wp-json\/wp\/v2\/pages"}],"about":[{"href":"https:\/\/alexanderharmsen.com\/pt_br\/wp-json\/wp\/v2\/types\/page"}],"author":[{"embeddable":true,"href":"https:\/\/alexanderharmsen.com\/pt_br\/wp-json\/wp\/v2\/users\/1"}],"replies":[{"embeddable":true,"href":"https:\/\/alexanderharmsen.com\/pt_br\/wp-json\/wp\/v2\/comments?post=100"}],"version-history":[{"count":5,"href":"https:\/\/alexanderharmsen.com\/pt_br\/wp-json\/wp\/v2\/pages\/100\/revisions"}],"predecessor-version":[{"id":305,"href":"https:\/\/alexanderharmsen.com\/pt_br\/wp-json\/wp\/v2\/pages\/100\/revisions\/305"}],"wp:attachment":[{"href":"https:\/\/alexanderharmsen.com\/pt_br\/wp-json\/wp\/v2\/media?parent=100"}],"wp:term":[{"taxonomy":"category","embeddable":true,"href":"https:\/\/alexanderharmsen.com\/pt_br\/wp-json\/wp\/v2\/categories?post=100"},{"taxonomy":"post_tag","embeddable":true,"href":"https:\/\/alexanderharmsen.com\/pt_br\/wp-json\/wp\/v2\/tags?post=100"}],"curies":[{"name":"wp","href":"https:\/\/api.w.org\/{rel}","templated":true}]}}